{"id":1635,"date":"2022-12-27T17:20:13","date_gmt":"2022-12-27T14:20:13","guid":{"rendered":"http:\/\/portistlojistik.com.tr\/air-shipping\/"},"modified":"2023-02-27T16:58:24","modified_gmt":"2023-02-27T13:58:24","slug":"air-shipping","status":"publish","type":"page","link":"https:\/\/portistlojistik.com.tr\/tr\/air-shipping\/","title":{"rendered":"Hava Ta\u015f\u0131mac\u0131l\u0131\u011f\u0131"},"content":{"rendered":"\t\t<div data-elementor-type=\"wp-page\" data-elementor-id=\"1635\" class=\"elementor elementor-1635 elementor-185\" data-elementor-post-type=\"page\">\n\t\t\t\t\t\t<section class=\"elementor-section elementor-top-section elementor-element elementor-element-b76c2c4 elementor-section-boxed elementor-section-height-default elementor-section-height-default\" data-id=\"b76c2c4\" data-element_type=\"section\" data-settings=\"{&quot;background_background&quot;:&quot;classic&quot;,&quot;jet_parallax_layout_list&quot;:[]}\">\n\t\t\t\t\t\t<div class=\"elementor-container elementor-column-gap-default\">\n\t\t\t\t\t<div class=\"elementor-column elementor-col-50 elementor-top-column elementor-element elementor-element-5d1cef6\" data-id=\"5d1cef6\" data-element_type=\"column\">\n\t\t\t<div class=\"elementor-widget-wrap elementor-element-populated\">\n\t\t\t\t\t\t<div class=\"elementor-element elementor-element-604da26 elementor-widget elementor-widget-text-editor\" data-id=\"604da26\" data-element_type=\"widget\" data-widget_type=\"text-editor.default\">\n\t\t\t\t<div class=\"elementor-widget-container\">\n\t\t\t\t\t\t\t\t\t<p class=\"p1\">Hava ta\u015f\u0131mac\u0131l\u0131\u011f\u0131, bu ama\u00e7lar i\u00e7in \u00f6zel u\u00e7aklar kullanarak e\u015fya ve mal ta\u015f\u0131ma i\u015flemidir. Bu i\u015flem havayollar\u0131 ile i\u015f birli\u011fi i\u00e7inde y\u00fcr\u00fct\u00fcl\u00fcyor ve kullan\u0131lan u\u00e7aklar yolcu ta\u015f\u0131mada kullan\u0131lan u\u00e7aklardan \u00e7ok b\u00fcy\u00fck ve farkl\u0131 \u015fekillere sahiptir. Ve mallar\u0131 d\u00fcnya \u00e7ap\u0131na daha h\u0131zl\u0131 ve daha g\u00fcvenli ula\u015ft\u0131r\u0131lmaktad\u0131r. D\u00fcnyan\u0131n d\u00f6rt bir yan\u0131ndaki \u00e7o\u011fu \u015firketle olan g\u00fc\u00e7l\u00fc ili\u015fkilerimiz sayesinde, her durum i\u00e7in en uygun \u00e7\u00f6z\u00fcmleri makul fiyatlarla sunuyoruz.<\/p>\t\t\t\t\t\t\t\t<\/div>\n\t\t\t\t<\/div>\n\t\t\t\t\t<\/div>\n\t\t<\/div>\n\t\t\t\t<div class=\"elementor-column elementor-col-50 elementor-top-column elementor-element elementor-element-8c9a0a9\" data-id=\"8c9a0a9\" data-element_type=\"column\">\n\t\t\t<div class=\"elementor-widget-wrap elementor-element-populated\">\n\t\t\t\t\t\t<div class=\"elementor-element elementor-element-7f7ca72 elementor-widget elementor-widget-image\" data-id=\"7f7ca72\" data-element_type=\"widget\" data-widget_type=\"image.default\">\n\t\t\t\t<div class=\"elementor-widget-container\">\n\t\t\t\t\t\t\t\t\t\t\t\t\t\t\t<img fetchpriority=\"high\" decoding=\"async\" width=\"457\" height=\"496\" src=\"https:\/\/portistlojistik.com.tr\/wp-content\/uploads\/2022\/12\/Asset-18.png\" class=\"attachment-full size-full wp-image-187\" alt=\"\" srcset=\"https:\/\/portistlojistik.com.tr\/wp-content\/uploads\/2022\/12\/Asset-18.png 457w, https:\/\/portistlojistik.com.tr\/wp-content\/uploads\/2022\/12\/Asset-18-276x300.png 276w\" sizes=\"(max-width: 457px) 100vw, 457px\" \/>\t\t\t\t\t\t\t\t\t\t\t\t\t\t\t<\/div>\n\t\t\t\t<\/div>\n\t\t\t\t\t<\/div>\n\t\t<\/div>\n\t\t\t\t\t<\/div>\n\t\t<\/section>\n\t\t\t\t<section class=\"elementor-section elementor-top-section elementor-element elementor-element-5b295bd elementor-section-boxed elementor-section-height-default elementor-section-height-default\" data-id=\"5b295bd\" data-element_type=\"section\" data-settings=\"{&quot;jet_parallax_layout_list&quot;:[],&quot;background_background&quot;:&quot;classic&quot;}\">\n\t\t\t\t\t\t<div class=\"elementor-container elementor-column-gap-default\">\n\t\t\t\t\t<div class=\"elementor-column elementor-col-100 elementor-top-column elementor-element elementor-element-77798f6\" data-id=\"77798f6\" data-element_type=\"column\">\n\t\t\t<div class=\"elementor-widget-wrap elementor-element-populated\">\n\t\t\t\t\t\t<div class=\"elementor-element elementor-element-c395de6 elementor-widget elementor-widget-text-editor\" data-id=\"c395de6\" data-element_type=\"widget\" data-widget_type=\"text-editor.default\">\n\t\t\t\t<div class=\"elementor-widget-container\">\n\t\t\t\t\t\t\t\t\t<p>Port East olarak, h\u0131z, do\u011fruluk ve t\u00fcm detaylara dikkat ederek hava ta\u015f\u0131mac\u0131l\u0131\u011f\u0131 hizmetlerini m\u00fcmk\u00fcn olan en iyi \u015fekilde sunuyoruz.<br \/>Her yere yerle\u015ftirilmi\u015f u\u00e7ak a\u011f\u0131m\u0131z arac\u0131l\u0131\u011f\u0131yla size her \u015feyin ula\u015fmas\u0131n\u0131 sa\u011flamak i\u00e7in buraday\u0131z.<br \/>T\u00fcrkiye&#8217;den d\u00fcnyaya ge\u00e7ti\u011finiz pencereniz oldu\u011fumuza inanabilirsiniz.<\/p>\t\t\t\t\t\t\t\t<\/div>\n\t\t\t\t<\/div>\n\t\t\t\t\t<\/div>\n\t\t<\/div>\n\t\t\t\t\t<\/div>\n\t\t<\/section>\n\t\t\t\t<section class=\"elementor-section elementor-top-section elementor-element elementor-element-d15aeb6 elementor-section-boxed elementor-section-height-default elementor-section-height-default\" data-id=\"d15aeb6\" data-element_type=\"section\" data-settings=\"{&quot;background_background&quot;:&quot;classic&quot;,&quot;jet_parallax_layout_list&quot;:[]}\">\n\t\t\t\t\t\t<div class=\"elementor-container elementor-column-gap-default\">\n\t\t\t\t\t<div class=\"elementor-column elementor-col-100 elementor-top-column elementor-element elementor-element-3cc3a05\" data-id=\"3cc3a05\" data-element_type=\"column\">\n\t\t\t<div class=\"elementor-widget-wrap elementor-element-populated\">\n\t\t\t\t\t\t<div class=\"elementor-element elementor-element-30b677b elementor-widget elementor-widget-heading\" data-id=\"30b677b\" data-element_type=\"widget\" data-widget_type=\"heading.default\">\n\t\t\t\t<div class=\"elementor-widget-container\">\n\t\t\t\t\t<h2 class=\"elementor-heading-title elementor-size-default\">HAVA TA\u015eIMACILI\u011eI H\u0130ZMETLER\u0130N\u0130N AVANTAJLARI <\/h2>\t\t\t\t<\/div>\n\t\t\t\t<\/div>\n\t\t\t\t<div class=\"elementor-element elementor-element-39bd8b1 elementor-widget elementor-widget-text-editor\" data-id=\"39bd8b1\" data-element_type=\"widget\" data-widget_type=\"text-editor.default\">\n\t\t\t\t<div class=\"elementor-widget-container\">\n\t\t\t\t\t\t\t\t\t<p>Hava ta\u015f\u0131mac\u0131l\u0131\u011f\u0131 y\u00fcksek h\u0131z ile karakterize edilir, bu nedenle acil durum ta\u015f\u0131mac\u0131l\u0131\u011f\u0131 durumlar\u0131nda veya \u00e7abuk bozulacak mallar\u0131 veya t\u0131bbi malzemeleri ta\u015f\u0131mak i\u00e7in kullanabilirsiniz, b\u00f6ylece mallar\u0131 bir g\u00fcn i\u00e7inde d\u00fcnyan\u0131n en uzak yerlerine ta\u015f\u0131yabilirsiniz.<\/p><ul><li>Mallar\u0131 maruz kald\u0131klar\u0131 risklerden ve h\u0131rs\u0131zl\u0131klardan korumak.<\/li><li>Ta\u015f\u0131ma, di\u011fer nakliye ara\u00e7lar\u0131nda oldu\u011fu gibi \u00e7ok say\u0131da izne veya kolayl\u0131\u011fa ihtiya\u00e7 duymadan, g\u00f6nderildi\u011fi yere do\u011frudan ger\u00e7ekle\u015fir ve yaln\u0131zca g\u00f6nderilece\u011fi alandaki zemini sa\u011flamas\u0131 yeterlidir.<\/li><li>Hava ta\u015f\u0131mac\u0131l\u0131\u011f\u0131, sevk edilen \u00fcr\u00fcnlerin g\u00fcvenli\u011fi ve bunlar\u0131n ya\u011fma ve h\u0131rs\u0131zl\u0131\u011fa kar\u015f\u0131 korunmas\u0131 a\u00e7\u0131s\u0131ndan y\u00fcksek g\u00fcven ve tam g\u00fcvenlik ile karakterize edilir.<\/li><li>Havayolu g\u00f6nderileri i\u00e7in sigorta maliyetleri, deniz sigortas\u0131 giderlerine k\u0131yasla nispeten d\u00fc\u015f\u00fckt\u00fcr.<\/li><\/ul>\t\t\t\t\t\t\t\t<\/div>\n\t\t\t\t<\/div>\n\t\t\t\t\t<\/div>\n\t\t<\/div>\n\t\t\t\t\t<\/div>\n\t\t<\/section>\n\t\t\t\t<section class=\"elementor-section elementor-top-section elementor-element elementor-element-2001ecb elementor-section-boxed elementor-section-height-default elementor-section-height-default\" data-id=\"2001ecb\" data-element_type=\"section\" data-settings=\"{&quot;background_background&quot;:&quot;classic&quot;,&quot;jet_parallax_layout_list&quot;:[]}\">\n\t\t\t\t\t\t<div class=\"elementor-container elementor-column-gap-default\">\n\t\t\t\t\t<div class=\"elementor-column elementor-col-50 elementor-top-column elementor-element elementor-element-f3b57e2\" data-id=\"f3b57e2\" data-element_type=\"column\">\n\t\t\t<div class=\"elementor-widget-wrap elementor-element-populated\">\n\t\t\t\t\t\t<div class=\"elementor-element elementor-element-4e5ff13 elementor-widget elementor-widget-heading\" data-id=\"4e5ff13\" data-element_type=\"widget\" data-widget_type=\"heading.default\">\n\t\t\t\t<div class=\"elementor-widget-container\">\n\t\t\t\t\t<h2 class=\"elementor-heading-title elementor-size-default\">HAVAYOLU TA\u015eIMACILI\u011eI REZERVASYONU KO\u015eULLARI<\/h2>\t\t\t\t<\/div>\n\t\t\t\t<\/div>\n\t\t\t\t<div class=\"elementor-element elementor-element-8ba0f07 elementor-widget elementor-widget-text-editor\" data-id=\"8ba0f07\" data-element_type=\"widget\" data-widget_type=\"text-editor.default\">\n\t\t\t\t<div class=\"elementor-widget-container\">\n\t\t\t\t\t\t\t\t\t<ul><li>Nakliye maliyeti, hacimsel a\u011f\u0131rl\u0131k ile g\u00f6nderinin ger\u00e7ek a\u011f\u0131rl\u0131\u011f\u0131 kar\u015f\u0131la\u015ft\u0131r\u0131larak hesaplan\u0131r<\/li><li>En b\u00fcy\u00fck say\u0131ya g\u00f6re hesaplan\u0131r.<\/li><li>\u0130stedi\u011finiz havaalan\u0131 ad\u0131n\u0131 g\u00f6nderin<\/li><li>Mal t\u00fcr\u00fcn\u00fc tamamen belirleyin<\/li><li>Maliyet, al\u0131c\u0131 \u00fclkedeki vergileri (g\u00fcmr\u00fck + ithalat) i\u00e7ermez<\/li><\/ul>\t\t\t\t\t\t\t\t<\/div>\n\t\t\t\t<\/div>\n\t\t\t\t\t<\/div>\n\t\t<\/div>\n\t\t\t\t<div class=\"elementor-column elementor-col-50 elementor-top-column elementor-element elementor-element-063bc6e\" data-id=\"063bc6e\" data-element_type=\"column\">\n\t\t\t<div class=\"elementor-widget-wrap elementor-element-populated\">\n\t\t\t\t\t\t<div class=\"elementor-element elementor-element-cd520a8 elementor-widget elementor-widget-image\" data-id=\"cd520a8\" data-element_type=\"widget\" data-widget_type=\"image.default\">\n\t\t\t\t<div class=\"elementor-widget-container\">\n\t\t\t\t\t\t\t\t\t\t\t\t\t\t\t<img decoding=\"async\" width=\"549\" height=\"496\" src=\"https:\/\/portistlojistik.com.tr\/wp-content\/uploads\/2022\/12\/Asset-19.png\" class=\"attachment-full size-full wp-image-193\" alt=\"\" srcset=\"https:\/\/portistlojistik.com.tr\/wp-content\/uploads\/2022\/12\/Asset-19.png 549w, https:\/\/portistlojistik.com.tr\/wp-content\/uploads\/2022\/12\/Asset-19-300x271.png 300w\" sizes=\"(max-width: 549px) 100vw, 549px\" \/>\t\t\t\t\t\t\t\t\t\t\t\t\t\t\t<\/div>\n\t\t\t\t<\/div>\n\t\t\t\t\t<\/div>\n\t\t<\/div>\n\t\t\t\t\t<\/div>\n\t\t<\/section>\n\t\t\t\t<\/div>\n\t\t","protected":false},"excerpt":{"rendered":"<p>Hava ta\u015f\u0131mac\u0131l\u0131\u011f\u0131, bu ama\u00e7lar i\u00e7in \u00f6zel u\u00e7aklar kullanarak e\u015fya ve mal ta\u015f\u0131ma i\u015flemidir. Bu i\u015flem havayollar\u0131 ile i\u015f birli\u011fi i\u00e7inde y\u00fcr\u00fct\u00fcl\u00fcyor ve kullan\u0131lan u\u00e7aklar yolcu ta\u015f\u0131mada kullan\u0131lan u\u00e7aklardan \u00e7ok b\u00fcy\u00fck ve farkl\u0131 \u015fekillere sahiptir. Ve mallar\u0131 d\u00fcnya \u00e7ap\u0131na daha h\u0131zl\u0131 ve daha g\u00fcvenli ula\u015ft\u0131r\u0131lmaktad\u0131r. D\u00fcnyan\u0131n d\u00f6rt bir yan\u0131ndaki \u00e7o\u011fu \u015firketle olan g\u00fc\u00e7l\u00fc ili\u015fkilerimiz sayesinde, her [&hellip;]<\/p>\n","protected":false},"author":1,"featured_media":1476,"parent":0,"menu_order":0,"comment_status":"closed","ping_status":"closed","template":"","meta":{"site-sidebar-layout":"no-sidebar","site-content-layout":"page-builder","ast-site-content-layout":"","site-content-style":"default","site-sidebar-style":"default","ast-global-header-display":"","ast-banner-title-visibility":"","ast-main-header-display":"","ast-hfb-above-header-display":"","ast-hfb-below-header-display":"","ast-hfb-mobile-header-display":"","site-post-title":"disabled","ast-breadcrumbs-content":"","ast-featured-img":"disabled","footer-sml-layout":"","theme-transparent-header-meta":"","adv-header-id-meta":"","stick-header-meta":"","header-above-stick-meta":"","header-main-stick-meta":"","header-below-stick-meta":"","astra-migrate-meta-layouts":"default","ast-page-background-enabled":"default","ast-page-background-meta":{"desktop":{"background-color":"var(--ast-global-color-4)","background-image":"","background-repeat":"repeat","background-position":"center center","background-size":"auto","background-attachment":"scroll","background-type":"","background-media":"","overlay-type":"","overlay-color":"","overlay-opacity":"","overlay-gradient":""},"tablet":{"background-color":"","background-image":"","background-repeat":"repeat","background-position":"center center","background-size":"auto","background-attachment":"scroll","background-type":"","background-media":"","overlay-type":"","overlay-color":"","overlay-opacity":"","overlay-gradient":""},"mobile":{"background-color":"","background-image":"","background-repeat":"repeat","background-position":"center center","background-size":"auto","background-attachment":"scroll","background-type":"","background-media":"","overlay-type":"","overlay-color":"","overlay-opacity":"","overlay-gradient":""}},"ast-content-background-meta":{"desktop":{"background-color":"var(--ast-global-color-5)","background-image":"","background-repeat":"repeat","background-position":"center center","background-size":"auto","background-attachment":"scroll","background-type":"","background-media":"","overlay-type":"","overlay-color":"","overlay-opacity":"","overlay-gradient":""},"tablet":{"background-color":"var(--ast-global-color-5)","background-image":"","background-repeat":"repeat","background-position":"center center","background-size":"auto","background-attachment":"scroll","background-type":"","background-media":"","overlay-type":"","overlay-color":"","overlay-opacity":"","overlay-gradient":""},"mobile":{"background-color":"var(--ast-global-color-5)","background-image":"","background-repeat":"repeat","background-position":"center center","background-size":"auto","background-attachment":"scroll","background-type":"","background-media":"","overlay-type":"","overlay-color":"","overlay-opacity":"","overlay-gradient":""}},"footnotes":""},"class_list":["post-1635","page","type-page","status-publish","has-post-thumbnail","hentry"],"_links":{"self":[{"href":"https:\/\/portistlojistik.com.tr\/tr\/wp-json\/wp\/v2\/pages\/1635","targetHints":{"allow":["GET"]}}],"collection":[{"href":"https:\/\/portistlojistik.com.tr\/tr\/wp-json\/wp\/v2\/pages"}],"about":[{"href":"https:\/\/portistlojistik.com.tr\/tr\/wp-json\/wp\/v2\/types\/page"}],"author":[{"embeddable":true,"href":"https:\/\/portistlojistik.com.tr\/tr\/wp-json\/wp\/v2\/users\/1"}],"replies":[{"embeddable":true,"href":"https:\/\/portistlojistik.com.tr\/tr\/wp-json\/wp\/v2\/comments?post=1635"}],"version-history":[{"count":5,"href":"https:\/\/portistlojistik.com.tr\/tr\/wp-json\/wp\/v2\/pages\/1635\/revisions"}],"predecessor-version":[{"id":1640,"href":"https:\/\/portistlojistik.com.tr\/tr\/wp-json\/wp\/v2\/pages\/1635\/revisions\/1640"}],"wp:featuredmedia":[{"embeddable":true,"href":"https:\/\/portistlojistik.com.tr\/tr\/wp-json\/wp\/v2\/media\/1476"}],"wp:attachment":[{"href":"https:\/\/portistlojistik.com.tr\/tr\/wp-json\/wp\/v2\/media?parent=1635"}],"curies":[{"name":"wp","href":"https:\/\/api.w.org\/{rel}","templated":true}]}}