{"id":1641,"date":"2022-12-27T17:47:57","date_gmt":"2022-12-27T14:47:57","guid":{"rendered":"http:\/\/portistlojistik.com.tr\/land-shipping-2\/"},"modified":"2023-03-01T13:21:30","modified_gmt":"2023-03-01T10:21:30","slug":"land-shipping-2","status":"publish","type":"page","link":"https:\/\/portistlojistik.com.tr\/tr\/land-shipping-2\/","title":{"rendered":"KARAYOLU TA\u015eIMACILI\u011eI"},"content":{"rendered":"\t\t<div data-elementor-type=\"wp-page\" data-elementor-id=\"1641\" class=\"elementor elementor-1641 elementor-197\" data-elementor-post-type=\"page\">\n\t\t\t\t\t\t<section class=\"elementor-section elementor-top-section elementor-element elementor-element-9a9a3bd elementor-section-boxed elementor-section-height-default elementor-section-height-default\" data-id=\"9a9a3bd\" data-element_type=\"section\" data-settings=\"{&quot;background_background&quot;:&quot;classic&quot;,&quot;jet_parallax_layout_list&quot;:[]}\">\n\t\t\t\t\t\t<div class=\"elementor-container elementor-column-gap-default\">\n\t\t\t\t\t<div class=\"elementor-column elementor-col-50 elementor-top-column elementor-element elementor-element-d18bbaa\" data-id=\"d18bbaa\" data-element_type=\"column\">\n\t\t\t<div class=\"elementor-widget-wrap elementor-element-populated\">\n\t\t\t\t\t\t<div class=\"elementor-element elementor-element-c894093 elementor-widget elementor-widget-image\" data-id=\"c894093\" data-element_type=\"widget\" data-widget_type=\"image.default\">\n\t\t\t\t<div class=\"elementor-widget-container\">\n\t\t\t\t\t\t\t\t\t\t\t\t\t\t\t<img fetchpriority=\"high\" decoding=\"async\" width=\"477\" height=\"420\" src=\"https:\/\/portistlojistik.com.tr\/wp-content\/uploads\/2022\/12\/Asset-21.png\" class=\"attachment-full size-full wp-image-199\" alt=\"\" srcset=\"https:\/\/portistlojistik.com.tr\/wp-content\/uploads\/2022\/12\/Asset-21.png 477w, https:\/\/portistlojistik.com.tr\/wp-content\/uploads\/2022\/12\/Asset-21-300x264.png 300w\" sizes=\"(max-width: 477px) 100vw, 477px\" \/>\t\t\t\t\t\t\t\t\t\t\t\t\t\t\t<\/div>\n\t\t\t\t<\/div>\n\t\t\t\t\t<\/div>\n\t\t<\/div>\n\t\t\t\t<div class=\"elementor-column elementor-col-50 elementor-top-column elementor-element elementor-element-3879df4\" data-id=\"3879df4\" data-element_type=\"column\">\n\t\t\t<div class=\"elementor-widget-wrap elementor-element-populated\">\n\t\t\t\t\t\t<div class=\"elementor-element elementor-element-83129d6 elementor-widget elementor-widget-text-editor\" data-id=\"83129d6\" data-element_type=\"widget\" data-widget_type=\"text-editor.default\">\n\t\t\t\t<div class=\"elementor-widget-container\">\n\t\t\t\t\t\t\t\t\t<p>Karayolu ta\u015f\u0131mac\u0131l\u0131\u011f\u0131, deniz ta\u015f\u0131mac\u0131l\u0131\u011f\u0131ndan sonra ikinci en \u00f6nemli ta\u015f\u0131ma arac\u0131d\u0131r, \u00e7\u00fcnk\u00fc kara ta\u015f\u0131mac\u0131l\u0131\u011f\u0131, y\u00fck ta\u015f\u0131mac\u0131l\u0131\u011f\u0131 d\u00fcnyas\u0131nda ta\u015f\u0131man\u0131n temel dire\u011fidir. En h\u0131zl\u0131 ula\u015f\u0131m arac\u0131 olmas\u0131 nedeniyle kom\u015fu \u00fclkeler aras\u0131ndaki ve \u00fclke i\u00e7indeki ta\u015f\u0131mac\u0131l\u0131\u011f\u0131n bel kemi\u011fidir. B\u00fcy\u00fck a\u011f\u0131rl\u0131klarda b\u00fcy\u00fck g\u00f6nderiler i\u00e7in nakliyedir.<br \/>T\u00fcm ihtiya\u00e7lar\u0131n\u0131z\u0131 kar\u015f\u0131lamaya ve mallar\u0131n\u0131z\u0131 teslim etmeye haz\u0131r geni\u015f ve b\u00fct\u00fcnle\u015fmi\u015f bir kamyon grubumuz vard\u0131r. Filomuzda her b\u00fcy\u00fckl\u00fckteki kamyon bulunur ve mallar\u0131 en verimli \u015fekilde ta\u015f\u0131maya haz\u0131r\u0131z. Mal teslim h\u0131z\u0131, kapasite, teslim s\u00fcresi ve en iyi fiyatlar aras\u0131ndaki m\u00fckemmel denge.<br \/><br \/><\/p>\t\t\t\t\t\t\t\t<\/div>\n\t\t\t\t<\/div>\n\t\t\t\t\t<\/div>\n\t\t<\/div>\n\t\t\t\t\t<\/div>\n\t\t<\/section>\n\t\t\t\t<section class=\"elementor-section elementor-top-section elementor-element elementor-element-9600ab8 elementor-section-boxed elementor-section-height-default elementor-section-height-default\" data-id=\"9600ab8\" data-element_type=\"section\" data-settings=\"{&quot;background_background&quot;:&quot;classic&quot;,&quot;jet_parallax_layout_list&quot;:[]}\">\n\t\t\t\t\t\t<div class=\"elementor-container elementor-column-gap-default\">\n\t\t\t\t\t<div class=\"elementor-column elementor-col-100 elementor-top-column elementor-element elementor-element-d816deb\" data-id=\"d816deb\" data-element_type=\"column\">\n\t\t\t<div class=\"elementor-widget-wrap elementor-element-populated\">\n\t\t\t\t\t\t<div class=\"elementor-element elementor-element-18c2a4a elementor-widget elementor-widget-heading\" data-id=\"18c2a4a\" data-element_type=\"widget\" data-widget_type=\"heading.default\">\n\t\t\t\t<div class=\"elementor-widget-container\">\n\t\t\t\t\t<h2 class=\"elementor-heading-title elementor-size-default\">A\u015fa\u011f\u0131daki t\u00fcrler aras\u0131nda<\/h2>\t\t\t\t<\/div>\n\t\t\t\t<\/div>\n\t\t\t\t<div class=\"elementor-element elementor-element-ed64185 elementor-widget elementor-widget-text-editor\" data-id=\"ed64185\" data-element_type=\"widget\" data-widget_type=\"text-editor.default\">\n\t\t\t\t<div class=\"elementor-widget-container\">\n\t\t\t\t\t\t\t\t\t<ul><li>A\u011f\u0131r nakliye kamyonlar\u0131: a\u011f\u0131r nakliye kamyonlar\u0131n\u0131 ifade eder ve a\u015fa\u011f\u0131dakiler de dahil olmak \u00fczere \u00e7e\u015fitli t\u00fcrleri vard\u0131r<\/li><li>So\u011futmal\u0131 kamyon kapal\u0131 ve yiyecek ve meyve sular\u0131n\u0131 ta\u015f\u0131r.<\/li><li>Yakla\u015f\u0131k 12 metre uzunlu\u011funda kamyonlar<\/li><li>Y\u00fck\u00fc korumak i\u00e7in contal\u0131 kamyonlar<\/li><li>Sadece kapal\u0131 kasa kamyonlar<\/li><li>Araba ta\u015f\u0131y\u0131c\u0131lar\u0131, Yakla\u015f\u0131k 8 ila 10 araba ta\u015f\u0131yarak binek arabalar\u0131 y\u00fckler ve bir yerden ba\u015fka bir yere nakleder.<\/li><\/ul>\t\t\t\t\t\t\t\t<\/div>\n\t\t\t\t<\/div>\n\t\t\t\t\t<\/div>\n\t\t<\/div>\n\t\t\t\t\t<\/div>\n\t\t<\/section>\n\t\t\t\t<section class=\"elementor-section elementor-top-section elementor-element elementor-element-67a7630 elementor-section-boxed elementor-section-height-default elementor-section-height-default\" data-id=\"67a7630\" data-element_type=\"section\" data-settings=\"{&quot;background_background&quot;:&quot;classic&quot;,&quot;jet_parallax_layout_list&quot;:[]}\">\n\t\t\t\t\t\t<div class=\"elementor-container elementor-column-gap-default\">\n\t\t\t\t\t<div class=\"elementor-column elementor-col-50 elementor-top-column elementor-element elementor-element-7ef6023\" data-id=\"7ef6023\" data-element_type=\"column\">\n\t\t\t<div class=\"elementor-widget-wrap elementor-element-populated\">\n\t\t\t\t\t\t<div class=\"elementor-element elementor-element-7c636ac elementor-widget elementor-widget-image\" data-id=\"7c636ac\" data-element_type=\"widget\" data-widget_type=\"image.default\">\n\t\t\t\t<div class=\"elementor-widget-container\">\n\t\t\t\t\t\t\t\t\t\t\t\t\t\t\t<img decoding=\"async\" width=\"296\" height=\"378\" src=\"https:\/\/portistlojistik.com.tr\/wp-content\/uploads\/2022\/12\/Asset-22.png\" class=\"attachment-full size-full wp-image-200\" alt=\"\" srcset=\"https:\/\/portistlojistik.com.tr\/wp-content\/uploads\/2022\/12\/Asset-22.png 296w, https:\/\/portistlojistik.com.tr\/wp-content\/uploads\/2022\/12\/Asset-22-235x300.png 235w\" sizes=\"(max-width: 296px) 100vw, 296px\" \/>\t\t\t\t\t\t\t\t\t\t\t\t\t\t\t<\/div>\n\t\t\t\t<\/div>\n\t\t\t\t\t<\/div>\n\t\t<\/div>\n\t\t\t\t<div class=\"elementor-column elementor-col-50 elementor-top-column elementor-element elementor-element-2233524\" data-id=\"2233524\" data-element_type=\"column\">\n\t\t\t<div class=\"elementor-widget-wrap elementor-element-populated\">\n\t\t\t\t\t\t<div class=\"elementor-element elementor-element-8948aba elementor-widget elementor-widget-heading\" data-id=\"8948aba\" data-element_type=\"widget\" data-widget_type=\"heading.default\">\n\t\t\t\t<div class=\"elementor-widget-container\">\n\t\t\t\t\t<h2 class=\"elementor-heading-title elementor-size-default\">KARA TA\u015eIMACILI\u011eI AVANTAJLARI \n<\/h2>\t\t\t\t<\/div>\n\t\t\t\t<\/div>\n\t\t\t\t<div class=\"elementor-element elementor-element-c06d62d elementor-widget elementor-widget-text-editor\" data-id=\"c06d62d\" data-element_type=\"widget\" data-widget_type=\"text-editor.default\">\n\t\t\t\t<div class=\"elementor-widget-container\">\n\t\t\t\t\t\t\t\t\t<ul><li>Nakliye taleplerine h\u0131zl\u0131 yan\u0131t.<\/li><li>Kara ta\u015f\u0131mac\u0131l\u0131\u011f\u0131 olduk\u00e7a esnektir.<\/li><li>Yay\u0131lmas\u0131 ve i\u015fi tamamlamada ona g\u00fcvenme kolayl\u0131\u011f\u0131 ile karakterizedir.<\/li><li>Kap\u0131dan kap\u0131ya ula\u015f\u0131m hizmetleri.<\/li><li>Gerekti\u011finde \u00f6zelle\u015ftirilmi\u015f kapasiteler.<\/li><li>Ayn\u0131 g\u00fcn i\u00e7inde ula\u015f\u0131m.<\/li><li>G\u00fcmr\u00fck i\u015flemleri.<\/li><\/ul>\t\t\t\t\t\t\t\t<\/div>\n\t\t\t\t<\/div>\n\t\t\t\t\t<\/div>\n\t\t<\/div>\n\t\t\t\t\t<\/div>\n\t\t<\/section>\n\t\t\t\t<\/div>\n\t\t","protected":false},"excerpt":{"rendered":"<p>Karayolu ta\u015f\u0131mac\u0131l\u0131\u011f\u0131, deniz ta\u015f\u0131mac\u0131l\u0131\u011f\u0131ndan sonra ikinci en \u00f6nemli ta\u015f\u0131ma arac\u0131d\u0131r, \u00e7\u00fcnk\u00fc kara ta\u015f\u0131mac\u0131l\u0131\u011f\u0131, y\u00fck ta\u015f\u0131mac\u0131l\u0131\u011f\u0131 d\u00fcnyas\u0131nda ta\u015f\u0131man\u0131n temel dire\u011fidir. En h\u0131zl\u0131 ula\u015f\u0131m arac\u0131 olmas\u0131 nedeniyle kom\u015fu \u00fclkeler aras\u0131ndaki ve \u00fclke i\u00e7indeki ta\u015f\u0131mac\u0131l\u0131\u011f\u0131n bel kemi\u011fidir. B\u00fcy\u00fck a\u011f\u0131rl\u0131klarda b\u00fcy\u00fck g\u00f6nderiler i\u00e7in nakliyedir.T\u00fcm ihtiya\u00e7lar\u0131n\u0131z\u0131 kar\u015f\u0131lamaya ve mallar\u0131n\u0131z\u0131 teslim etmeye haz\u0131r geni\u015f ve b\u00fct\u00fcnle\u015fmi\u015f bir kamyon grubumuz vard\u0131r. Filomuzda [&hellip;]<\/p>\n","protected":false},"author":1,"featured_media":1477,"parent":0,"menu_order":0,"comment_status":"closed","ping_status":"closed","template":"","meta":{"site-sidebar-layout":"no-sidebar","site-content-layout":"page-builder","ast-site-content-layout":"","site-content-style":"default","site-sidebar-style":"default","ast-global-header-display":"","ast-banner-title-visibility":"","ast-main-header-display":"","ast-hfb-above-header-display":"","ast-hfb-below-header-display":"","ast-hfb-mobile-header-display":"","site-post-title":"disabled","ast-breadcrumbs-content":"","ast-featured-img":"disabled","footer-sml-layout":"","theme-transparent-header-meta":"","adv-header-id-meta":"","stick-header-meta":"","header-above-stick-meta":"","header-main-stick-meta":"","header-below-stick-meta":"","astra-migrate-meta-layouts":"default","ast-page-background-enabled":"default","ast-page-background-meta":{"desktop":{"background-color":"var(--ast-global-color-4)","background-image":"","background-repeat":"repeat","background-position":"center center","background-size":"auto","background-attachment":"scroll","background-type":"","background-media":"","overlay-type":"","overlay-color":"","overlay-opacity":"","overlay-gradient":""},"tablet":{"background-color":"","background-image":"","background-repeat":"repeat","background-position":"center center","background-size":"auto","background-attachment":"scroll","background-type":"","background-media":"","overlay-type":"","overlay-color":"","overlay-opacity":"","overlay-gradient":""},"mobile":{"background-color":"","background-image":"","background-repeat":"repeat","background-position":"center center","background-size":"auto","background-attachment":"scroll","background-type":"","background-media":"","overlay-type":"","overlay-color":"","overlay-opacity":"","overlay-gradient":""}},"ast-content-background-meta":{"desktop":{"background-color":"var(--ast-global-color-5)","background-image":"","background-repeat":"repeat","background-position":"center center","background-size":"auto","background-attachment":"scroll","background-type":"","background-media":"","overlay-type":"","overlay-color":"","overlay-opacity":"","overlay-gradient":""},"tablet":{"background-color":"var(--ast-global-color-5)","background-image":"","background-repeat":"repeat","background-position":"center center","background-size":"auto","background-attachment":"scroll","background-type":"","background-media":"","overlay-type":"","overlay-color":"","overlay-opacity":"","overlay-gradient":""},"mobile":{"background-color":"var(--ast-global-color-5)","background-image":"","background-repeat":"repeat","background-position":"center center","background-size":"auto","background-attachment":"scroll","background-type":"","background-media":"","overlay-type":"","overlay-color":"","overlay-opacity":"","overlay-gradient":""}},"footnotes":""},"class_list":["post-1641","page","type-page","status-publish","has-post-thumbnail","hentry"],"_links":{"self":[{"href":"https:\/\/portistlojistik.com.tr\/tr\/wp-json\/wp\/v2\/pages\/1641","targetHints":{"allow":["GET"]}}],"collection":[{"href":"https:\/\/portistlojistik.com.tr\/tr\/wp-json\/wp\/v2\/pages"}],"about":[{"href":"https:\/\/portistlojistik.com.tr\/tr\/wp-json\/wp\/v2\/types\/page"}],"author":[{"embeddable":true,"href":"https:\/\/portistlojistik.com.tr\/tr\/wp-json\/wp\/v2\/users\/1"}],"replies":[{"embeddable":true,"href":"https:\/\/portistlojistik.com.tr\/tr\/wp-json\/wp\/v2\/comments?post=1641"}],"version-history":[{"count":13,"href":"https:\/\/portistlojistik.com.tr\/tr\/wp-json\/wp\/v2\/pages\/1641\/revisions"}],"predecessor-version":[{"id":1769,"href":"https:\/\/portistlojistik.com.tr\/tr\/wp-json\/wp\/v2\/pages\/1641\/revisions\/1769"}],"wp:featuredmedia":[{"embeddable":true,"href":"https:\/\/portistlojistik.com.tr\/tr\/wp-json\/wp\/v2\/media\/1477"}],"wp:attachment":[{"href":"https:\/\/portistlojistik.com.tr\/tr\/wp-json\/wp\/v2\/media?parent=1641"}],"curies":[{"name":"wp","href":"https:\/\/api.w.org\/{rel}","templated":true}]}}