{"id":1655,"date":"2022-12-27T20:48:45","date_gmt":"2022-12-27T17:48:45","guid":{"rendered":"http:\/\/portistlojistik.com.tr\/sea-shipping\/"},"modified":"2023-02-27T17:17:56","modified_gmt":"2023-02-27T14:17:56","slug":"sea-shipping","status":"publish","type":"page","link":"https:\/\/portistlojistik.com.tr\/tr\/sea-shipping\/","title":{"rendered":"DEN\u0130Z TA\u015eIMACILI\u011eI"},"content":{"rendered":"\t\t<div data-elementor-type=\"wp-page\" data-elementor-id=\"1655\" class=\"elementor elementor-1655 elementor-207\" data-elementor-post-type=\"page\">\n\t\t\t\t\t\t<section class=\"elementor-section elementor-top-section elementor-element elementor-element-ba58bfa elementor-section-boxed elementor-section-height-default elementor-section-height-default\" data-id=\"ba58bfa\" data-element_type=\"section\" data-settings=\"{&quot;jet_parallax_layout_list&quot;:[],&quot;background_background&quot;:&quot;classic&quot;}\">\n\t\t\t\t\t\t\t<div class=\"elementor-background-overlay\"><\/div>\n\t\t\t\t\t\t\t<div class=\"elementor-container elementor-column-gap-default\">\n\t\t\t\t\t<div class=\"elementor-column elementor-col-66 elementor-top-column elementor-element elementor-element-d29090e\" data-id=\"d29090e\" data-element_type=\"column\">\n\t\t\t<div class=\"elementor-widget-wrap elementor-element-populated\">\n\t\t\t\t\t\t<div class=\"elementor-element elementor-element-e7fc0d9 elementor-widget elementor-widget-text-editor\" data-id=\"e7fc0d9\" data-element_type=\"widget\" data-widget_type=\"text-editor.default\">\n\t\t\t\t<div class=\"elementor-widget-container\">\n\t\t\t\t\t\t\t\t\t<p>Su k\u00fctleleri d\u00fcnyan\u0131n %70&#8217;inden fazlas\u0131n\u0131 kapl\u0131yor, dolay\u0131s\u0131yla deniz ta\u015f\u0131mac\u0131l\u0131\u011f\u0131 \u00f6nemlidir. Deniz ta\u015f\u0131mac\u0131l\u0131\u011f\u0131, nakliye ve lojistik hizmetleri i\u015finde \u00f6nemli bir dayanakt\u0131r ve zaman i\u00e7inde geli\u015fmi\u015ftir. D\u00fcnyan\u0131n bir\u00e7ok \u00fclkesinde ve liman\u0131nda \u00e7e\u015fitli g\u00f6nderiler, \u015firketler ve meslekler i\u00e7in uygun oldu\u011fu i\u00e7in di\u011fer y\u00f6ntemlere g\u00f6re bask\u0131n hale gelmi\u015ftir.<br \/>Su k\u00fctleleri d\u00fcnyan\u0131n %70&#8217;inden fazlas\u0131n\u0131 kapl\u0131yor, dolay\u0131s\u0131yla deniz ta\u015f\u0131mac\u0131l\u0131\u011f\u0131 \u00f6nemlidir. Deniz ta\u015f\u0131mac\u0131l\u0131\u011f\u0131, nakliye ve lojistik hizmetleri i\u015finde \u00f6nemli bir dayanakt\u0131r ve zaman i\u00e7inde geli\u015fmi\u015ftir. D\u00fcnyan\u0131n bir\u00e7ok \u00fclkesinde ve liman\u0131nda \u00e7e\u015fitli g\u00f6nderiler, \u015firketler ve meslekler i\u00e7in uygun oldu\u011fu i\u00e7in di\u011fer y\u00f6ntemlere g\u00f6re bask\u0131n hale gelmi\u015ftir.<br \/><br \/><\/p>\t\t\t\t\t\t\t\t<\/div>\n\t\t\t\t<\/div>\n\t\t\t\t<div class=\"elementor-element elementor-element-939a914 elementor-widget elementor-widget-heading\" data-id=\"939a914\" data-element_type=\"widget\" data-widget_type=\"heading.default\">\n\t\t\t\t<div class=\"elementor-widget-container\">\n\t\t\t\t\t<h2 class=\"elementor-heading-title elementor-size-default\">DEN\u0130Z TA\u015eIMACILI\u011eI H\u0130ZMETLER\u0130N\u0130N AVANTAJLARI\n<\/h2>\t\t\t\t<\/div>\n\t\t\t\t<\/div>\n\t\t\t\t<div class=\"elementor-element elementor-element-96f1735 elementor-widget elementor-widget-text-editor\" data-id=\"96f1735\" data-element_type=\"widget\" data-widget_type=\"text-editor.default\">\n\t\t\t\t<div class=\"elementor-widget-container\">\n\t\t\t\t\t\t\t\t\t<ul><li>Port East Lojistik, g\u00f6nderilerin boyutuna, tipine ve niteli\u011fine uygun farkl\u0131 ebat ve tiplerde konteynerler sa\u011flayarak, sevkiyatlar\u0131n ta\u015f\u0131ma s\u00fcrecinde herhangi bir zarar g\u00f6rmemesini ve konteynerlerin i\u00e7inde d\u00fczenli bir \u015fekilde dizilmesini sa\u011flar.<\/li><li>Sevkiyatlar\u0131n tahsilat\u0131n\u0131 kolayla\u015ft\u0131rmak i\u00e7in m\u00fc\u015fterilerin \u0130stanbul&#8217;daki \u015firket depolar\u0131n\u0131 kullanma imk\u00e2n\u0131.<\/li><li>Arap \u00fclkeleri ve Avrupa&#8217;ya giden g\u00f6nderiler i\u00e7in T\u00fcrkiye&#8217;deki deniz ta\u015f\u0131mac\u0131l\u0131\u011f\u0131 operasyonlar\u0131n\u0131 y\u00f6netme konusundaki uzun y\u0131llara dayanan deneyimimiz.<\/li><li>Port East Lojistik, denizyolu ile yap\u0131lan sevkiyatlarda mobilya, g\u0131da maddeleri, giyim e\u015fyas\u0131, seramik gibi e\u015fyalar\u0131n ve gerekli t\u00fcm e\u015fyalar\u0131n ihracat\u0131nda gerekli prosed\u00fcrleri ve izinleri tamamlar.<\/li><li>Port East Lojistik, farkl\u0131 ah\u015fap kasalar kullanarak g\u00f6nderilerinizin g\u00fcvenli bir \u015fekilde ula\u015fmas\u0131n\u0131 sa\u011flamak i\u00e7in y\u00fcksek kaliteli paketleme malzemeleri kullanarak paketleme hizmetlerini b\u00fcy\u00fck bir profesyonellik ve deneyimle sunar.<\/li><li>Port East Lojistik hizmetleri, \u0130stanbul ve t\u00fcm T\u00fcrkiye&#8217;den Arap K\u00f6rfezi \u00fclkeleri, Irak ve Orta Do\u011fu, Avrupa Birli\u011fi \u00fclkeleri, Rusya ve Orta Asya \u00fclkeleri, Amerika Birle\u015fik Devletleri, Kanada, Avustralya ve G\u00fcney Amerika \u00fclkelerindeki \u00e7o\u011fu \u015fehir ve limana deniz ta\u015f\u0131mac\u0131l\u0131\u011f\u0131n\u0131 kapsamaktad\u0131r.<\/li><\/ul>\t\t\t\t\t\t\t\t<\/div>\n\t\t\t\t<\/div>\n\t\t\t\t\t<\/div>\n\t\t<\/div>\n\t\t\t\t<div class=\"elementor-column elementor-col-33 elementor-top-column elementor-element elementor-element-b7fc3fb\" data-id=\"b7fc3fb\" data-element_type=\"column\">\n\t\t\t<div class=\"elementor-widget-wrap\">\n\t\t\t\t\t\t\t<\/div>\n\t\t<\/div>\n\t\t\t\t\t<\/div>\n\t\t<\/section>\n\t\t\t\t<\/div>\n\t\t","protected":false},"excerpt":{"rendered":"<p>Su k\u00fctleleri d\u00fcnyan\u0131n %70&#8217;inden fazlas\u0131n\u0131 kapl\u0131yor, dolay\u0131s\u0131yla deniz ta\u015f\u0131mac\u0131l\u0131\u011f\u0131 \u00f6nemlidir. Deniz ta\u015f\u0131mac\u0131l\u0131\u011f\u0131, nakliye ve lojistik hizmetleri i\u015finde \u00f6nemli bir dayanakt\u0131r ve zaman i\u00e7inde geli\u015fmi\u015ftir. D\u00fcnyan\u0131n bir\u00e7ok \u00fclkesinde ve liman\u0131nda \u00e7e\u015fitli g\u00f6nderiler, \u015firketler ve meslekler i\u00e7in uygun oldu\u011fu i\u00e7in di\u011fer y\u00f6ntemlere g\u00f6re bask\u0131n hale gelmi\u015ftir.Su k\u00fctleleri d\u00fcnyan\u0131n %70&#8217;inden fazlas\u0131n\u0131 kapl\u0131yor, dolay\u0131s\u0131yla deniz ta\u015f\u0131mac\u0131l\u0131\u011f\u0131 \u00f6nemlidir. Deniz ta\u015f\u0131mac\u0131l\u0131\u011f\u0131, [&hellip;]<\/p>\n","protected":false},"author":1,"featured_media":1478,"parent":0,"menu_order":0,"comment_status":"closed","ping_status":"closed","template":"","meta":{"site-sidebar-layout":"no-sidebar","site-content-layout":"page-builder","ast-site-content-layout":"","site-content-style":"default","site-sidebar-style":"default","ast-global-header-display":"","ast-banner-title-visibility":"","ast-main-header-display":"","ast-hfb-above-header-display":"","ast-hfb-below-header-display":"","ast-hfb-mobile-header-display":"","site-post-title":"disabled","ast-breadcrumbs-content":"","ast-featured-img":"disabled","footer-sml-layout":"","theme-transparent-header-meta":"","adv-header-id-meta":"","stick-header-meta":"","header-above-stick-meta":"","header-main-stick-meta":"","header-below-stick-meta":"","astra-migrate-meta-layouts":"default","ast-page-background-enabled":"default","ast-page-background-meta":{"desktop":{"background-color":"var(--ast-global-color-4)","background-image":"","background-repeat":"repeat","background-position":"center center","background-size":"auto","background-attachment":"scroll","background-type":"","background-media":"","overlay-type":"","overlay-color":"","overlay-opacity":"","overlay-gradient":""},"tablet":{"background-color":"","background-image":"","background-repeat":"repeat","background-position":"center center","background-size":"auto","background-attachment":"scroll","background-type":"","background-media":"","overlay-type":"","overlay-color":"","overlay-opacity":"","overlay-gradient":""},"mobile":{"background-color":"","background-image":"","background-repeat":"repeat","background-position":"center center","background-size":"auto","background-attachment":"scroll","background-type":"","background-media":"","overlay-type":"","overlay-color":"","overlay-opacity":"","overlay-gradient":""}},"ast-content-background-meta":{"desktop":{"background-color":"var(--ast-global-color-5)","background-image":"","background-repeat":"repeat","background-position":"center center","background-size":"auto","background-attachment":"scroll","background-type":"","background-media":"","overlay-type":"","overlay-color":"","overlay-opacity":"","overlay-gradient":""},"tablet":{"background-color":"var(--ast-global-color-5)","background-image":"","background-repeat":"repeat","background-position":"center center","background-size":"auto","background-attachment":"scroll","background-type":"","background-media":"","overlay-type":"","overlay-color":"","overlay-opacity":"","overlay-gradient":""},"mobile":{"background-color":"var(--ast-global-color-5)","background-image":"","background-repeat":"repeat","background-position":"center center","background-size":"auto","background-attachment":"scroll","background-type":"","background-media":"","overlay-type":"","overlay-color":"","overlay-opacity":"","overlay-gradient":""}},"footnotes":""},"class_list":["post-1655","page","type-page","status-publish","has-post-thumbnail","hentry"],"_links":{"self":[{"href":"https:\/\/portistlojistik.com.tr\/tr\/wp-json\/wp\/v2\/pages\/1655","targetHints":{"allow":["GET"]}}],"collection":[{"href":"https:\/\/portistlojistik.com.tr\/tr\/wp-json\/wp\/v2\/pages"}],"about":[{"href":"https:\/\/portistlojistik.com.tr\/tr\/wp-json\/wp\/v2\/types\/page"}],"author":[{"embeddable":true,"href":"https:\/\/portistlojistik.com.tr\/tr\/wp-json\/wp\/v2\/users\/1"}],"replies":[{"embeddable":true,"href":"https:\/\/portistlojistik.com.tr\/tr\/wp-json\/wp\/v2\/comments?post=1655"}],"version-history":[{"count":7,"href":"https:\/\/portistlojistik.com.tr\/tr\/wp-json\/wp\/v2\/pages\/1655\/revisions"}],"predecessor-version":[{"id":1664,"href":"https:\/\/portistlojistik.com.tr\/tr\/wp-json\/wp\/v2\/pages\/1655\/revisions\/1664"}],"wp:featuredmedia":[{"embeddable":true,"href":"https:\/\/portistlojistik.com.tr\/tr\/wp-json\/wp\/v2\/media\/1478"}],"wp:attachment":[{"href":"https:\/\/portistlojistik.com.tr\/tr\/wp-json\/wp\/v2\/media?parent=1655"}],"curies":[{"name":"wp","href":"https:\/\/api.w.org\/{rel}","templated":true}]}}